{"id":5916,"date":"2024-09-03T05:03:43","date_gmt":"2024-09-03T05:03:43","guid":{"rendered":"https:\/\/tamron-americas.com\/?post_type=product&#038;p=5916"},"modified":"2026-03-23T09:36:30","modified_gmt":"2026-03-23T13:36:30","slug":"20mm-f-2-8-di-iii-osd-m12","status":"publish","type":"product","link":"https:\/\/tamron-americas.com\/pt\/produto\/20mm-f-2-8-di-iii-osd-m12\/","title":{"rendered":"Tamron 20mm F\/2.8 <span class=\"no-break\">Di III<\/span> OSD M1:2"},"content":{"rendered":"","protected":false},"excerpt":{"rendered":"<p><strong>A partir de $249. Encontre um revendedor perto de voc\u00ea ou compre diretamente abaixo!<\/strong><\/p>\n<p>Lente prime grande angular Super F2.8 com not\u00e1vel capacidade de close-up. Capture sua imagina\u00e7\u00e3o mais expansiva.<\/p>","protected":false},"featured_media":9461,"comment_status":"closed","ping_status":"closed","template":"","format":"standard","meta":{"_acf_changed":false,"site-sidebar-layout":"default","site-content-layout":"","ast-site-content-layout":"default","site-content-style":"default","site-sidebar-style":"default","ast-global-header-display":"","ast-banner-title-visibility":"","ast-main-header-display":"","ast-hfb-above-header-display":"","ast-hfb-below-header-display":"","ast-hfb-mobile-header-display":"","site-post-title":"","ast-breadcrumbs-content":"","ast-featured-img":"","footer-sml-layout":"","ast-disable-related-posts":"","theme-transparent-header-meta":"default","adv-header-id-meta":"","stick-header-meta":"default","header-above-stick-meta":"","header-main-stick-meta":"","header-below-stick-meta":"","astra-migrate-meta-layouts":"set","ast-page-background-enabled":"default","ast-page-background-meta":{"desktop":{"background-color":"var(--ast-global-color-4)","background-image":"","background-repeat":"repeat","background-position":"center center","background-size":"auto","background-attachment":"scroll","background-type":"","background-media":"","overlay-type":"","overlay-color":"","overlay-opacity":"","overlay-gradient":""},"tablet":{"background-color":"","background-image":"","background-repeat":"repeat","background-position":"center center","background-size":"auto","background-attachment":"scroll","background-type":"","background-media":"","overlay-type":"","overlay-color":"","overlay-opacity":"","overlay-gradient":""},"mobile":{"background-color":"","background-image":"","background-repeat":"repeat","background-position":"center center","background-size":"auto","background-attachment":"scroll","background-type":"","background-media":"","overlay-type":"","overlay-color":"","overlay-opacity":"","overlay-gradient":""}},"ast-content-background-meta":{"desktop":{"background-color":"var(--ast-global-color-5)","background-image":"","background-repeat":"repeat","background-position":"center center","background-size":"auto","background-attachment":"scroll","background-type":"","background-media":"","overlay-type":"","overlay-color":"","overlay-opacity":"","overlay-gradient":""},"tablet":{"background-color":"var(--ast-global-color-5)","background-image":"","background-repeat":"repeat","background-position":"center center","background-size":"auto","background-attachment":"scroll","background-type":"","background-media":"","overlay-type":"","overlay-color":"","overlay-opacity":"","overlay-gradient":""},"mobile":{"background-color":"var(--ast-global-color-5)","background-image":"","background-repeat":"repeat","background-position":"center center","background-size":"auto","background-attachment":"scroll","background-type":"","background-media":"","overlay-type":"","overlay-color":"","overlay-opacity":"","overlay-gradient":""}}},"main-category":[145],"product_brand":[],"product_cat":[77],"product_tag":[],"class_list":{"0":"post-5916","1":"product","2":"type-product","3":"status-publish","4":"format-standard","5":"has-post-thumbnail","7":"main-category-macro-prime-lenses","8":"product_cat-macro-prime-lenses","9":"pa_body-mount-sony","10":"pa_photo-style-landscape","11":"pa_photo-style-macro","12":"pa_photo-style-nature","13":"pa_photo-style-portrait","14":"pa_photo-style-travel","15":"pa_photo-style-video","16":"pa_photo-style-wedding","17":"pa_use-astro","18":"pa_use-landscape","19":"pa_use-macro","20":"pa_use-nature","21":"pa_use-portrait","22":"pa_use-street","23":"pa_use-travel","24":"pa_use-video","25":"pa_use-wedding","26":"desktop-align-left","27":"tablet-align-left","28":"mobile-align-left","30":"first","31":"instock","32":"sale","33":"taxable","34":"shipping-taxable","35":"purchasable","36":"product-type-variable","37":"has-default-attributes"},"group_of_quantity":0,"min_quantity":0,"max_quantity":"","exclude_order_quantity_value_rules":"no","exclude_category_quantity_rules":"no","combine_variations":"no","acf":[],"yoast_head":"<!-- This site is optimized with the Yoast SEO Premium plugin v26.9 (Yoast SEO v27.1.1) - https:\/\/yoast.com\/product\/yoast-seo-premium-wordpress\/ -->\n<title>20mm Wide-Angle Prime Lens for Sony E-Mount Cameras<\/title>\n<meta name=\"description\" content=\"The Tamron 20mm F2.8 is fast-handling &amp; packs expressive power that is the signature of prime lenses. Find an authorized Tamron dealer for yours today.\" \/>\n<meta name=\"robots\" content=\"index, follow, max-snippet:-1, max-image-preview:large, max-video-preview:-1\" \/>\n<link rel=\"canonical\" href=\"https:\/\/tamron-americas.com\/pt\/produto\/20mm-f-2-8-di-iii-osd-m12\/\" \/>\n<meta property=\"og:locale\" content=\"pt_BR\" \/>\n<meta property=\"og:type\" content=\"article\" \/>\n<meta property=\"og:title\" content=\"Tamron 20mm F\/2.8 Di III OSD M1:2\" \/>\n<meta property=\"og:description\" content=\"The Tamron 20mm F2.8 is fast-handling &amp; packs expressive power that is the signature of prime lenses. Find an authorized Tamron dealer for yours today.\" \/>\n<meta property=\"og:url\" content=\"https:\/\/tamron-americas.com\/pt\/produto\/20mm-f-2-8-di-iii-osd-m12\/\" \/>\n<meta property=\"og:site_name\" content=\"Tamron Americas\" \/>\n<meta property=\"article:modified_time\" content=\"2026-03-23T13:36:30+00:00\" \/>\n<meta property=\"og:image\" content=\"https:\/\/tamron-americas.com\/wp-content\/uploads\/2024\/09\/f050.jpg\" \/>\n\t<meta property=\"og:image:width\" content=\"1200\" \/>\n\t<meta property=\"og:image:height\" content=\"1200\" \/>\n\t<meta property=\"og:image:type\" content=\"image\/jpeg\" \/>\n<meta name=\"twitter:card\" content=\"summary_large_image\" \/>\n<meta name=\"twitter:label1\" content=\"Est. tempo de leitura\" \/>\n\t<meta name=\"twitter:data1\" content=\"1 minuto\" \/>\n<script type=\"application\/ld+json\" class=\"yoast-schema-graph\">{\"@context\":\"https:\/\/schema.org\",\"@graph\":[{\"@type\":\"WebPage\",\"@id\":\"https:\/\/tamron-americas.com\/product\/20mm-f-2-8-di-iii-osd-m12\/\",\"url\":\"https:\/\/tamron-americas.com\/product\/20mm-f-2-8-di-iii-osd-m12\/\",\"name\":\"20mm Wide-Angle Prime Lens for Sony E-Mount Cameras\",\"isPartOf\":{\"@id\":\"https:\/\/tamron-americas.com\/#website\"},\"primaryImageOfPage\":{\"@id\":\"https:\/\/tamron-americas.com\/product\/20mm-f-2-8-di-iii-osd-m12\/#primaryimage\"},\"image\":{\"@id\":\"https:\/\/tamron-americas.com\/product\/20mm-f-2-8-di-iii-osd-m12\/#primaryimage\"},\"thumbnailUrl\":\"https:\/\/tamron-americas.com\/wp-content\/uploads\/2024\/09\/f050.jpg\",\"datePublished\":\"2024-09-03T05:03:43+00:00\",\"dateModified\":\"2026-03-23T13:36:30+00:00\",\"description\":\"The Tamron 20mm F2.8 is fast-handling & packs expressive power that is the signature of prime lenses. Find an authorized Tamron dealer for yours today.\",\"breadcrumb\":{\"@id\":\"https:\/\/tamron-americas.com\/product\/20mm-f-2-8-di-iii-osd-m12\/#breadcrumb\"},\"inLanguage\":\"pt-BR\",\"potentialAction\":[{\"@type\":\"ReadAction\",\"target\":[\"https:\/\/tamron-americas.com\/product\/20mm-f-2-8-di-iii-osd-m12\/\"]}]},{\"@type\":\"ImageObject\",\"inLanguage\":\"pt-BR\",\"@id\":\"https:\/\/tamron-americas.com\/product\/20mm-f-2-8-di-iii-osd-m12\/#primaryimage\",\"url\":\"https:\/\/tamron-americas.com\/wp-content\/uploads\/2024\/09\/f050.jpg\",\"contentUrl\":\"https:\/\/tamron-americas.com\/wp-content\/uploads\/2024\/09\/f050.jpg\",\"width\":1200,\"height\":1200},{\"@type\":\"BreadcrumbList\",\"@id\":\"https:\/\/tamron-americas.com\/product\/20mm-f-2-8-di-iii-osd-m12\/#breadcrumb\",\"itemListElement\":[{\"@type\":\"ListItem\",\"position\":1,\"name\":\"Home\",\"item\":\"https:\/\/tamron-americas.com\/\"},{\"@type\":\"ListItem\",\"position\":2,\"name\":\"Shop\",\"item\":\"https:\/\/tamron-americas.com\/shop\/\"},{\"@type\":\"ListItem\",\"position\":3,\"name\":\"Tamron 20mm F\/2.8 Di III OSD M1:2\"}]},{\"@type\":\"WebSite\",\"@id\":\"https:\/\/tamron-americas.com\/#website\",\"url\":\"https:\/\/tamron-americas.com\/\",\"name\":\"Tamron Americas\",\"description\":\"\",\"publisher\":{\"@id\":\"https:\/\/tamron-americas.com\/#organization\"},\"potentialAction\":[{\"@type\":\"SearchAction\",\"target\":{\"@type\":\"EntryPoint\",\"urlTemplate\":\"https:\/\/tamron-americas.com\/?s={search_term_string}\"},\"query-input\":{\"@type\":\"PropertyValueSpecification\",\"valueRequired\":true,\"valueName\":\"search_term_string\"}}],\"inLanguage\":\"pt-BR\"},{\"@type\":\"Organization\",\"@id\":\"https:\/\/tamron-americas.com\/#organization\",\"name\":\"Tamron USA\",\"url\":\"https:\/\/tamron-americas.com\/\",\"logo\":{\"@type\":\"ImageObject\",\"inLanguage\":\"pt-BR\",\"@id\":\"https:\/\/tamron-americas.com\/#\/schema\/logo\/image\/\",\"url\":\"https:\/\/tamron-americas.com\/wp-content\/uploads\/2024\/07\/logo.svg\",\"contentUrl\":\"https:\/\/tamron-americas.com\/wp-content\/uploads\/2024\/07\/logo.svg\",\"width\":190,\"height\":31,\"caption\":\"Tamron USA\"},\"image\":{\"@id\":\"https:\/\/tamron-americas.com\/#\/schema\/logo\/image\/\"}}]}<\/script>\n<!-- \/ Yoast SEO Premium plugin. -->","yoast_head_json":{"title":"Lente Prime de \u00e2ngulo amplo de 20 mm para c\u00e2meras Sony E-Mount","description":"A Tamron 20mm F2.8 \u00e9 de manuseio r\u00e1pido e possui o poder expressivo que \u00e9 a marca registrada das lentes prime. Encontre um revendedor autorizado Tamron para adquirir a sua hoje mesmo.","robots":{"index":"index","follow":"follow","max-snippet":"max-snippet:-1","max-image-preview":"max-image-preview:large","max-video-preview":"max-video-preview:-1"},"canonical":"https:\/\/tamron-americas.com\/pt\/produto\/20mm-f-2-8-di-iii-osd-m12\/","og_locale":"pt_BR","og_type":"article","og_title":"Tamron 20mm F\/2.8 Di III OSD M1:2","og_description":"The Tamron 20mm F2.8 is fast-handling & packs expressive power that is the signature of prime lenses. Find an authorized Tamron dealer for yours today.","og_url":"https:\/\/tamron-americas.com\/pt\/produto\/20mm-f-2-8-di-iii-osd-m12\/","og_site_name":"Tamron Americas","article_modified_time":"2026-03-23T13:36:30+00:00","og_image":[{"width":1200,"height":1200,"url":"https:\/\/tamron-americas.com\/wp-content\/uploads\/2024\/09\/f050.jpg","type":"image\/jpeg"}],"twitter_card":"summary_large_image","twitter_misc":{"Est. tempo de leitura":"1 minuto"},"schema":{"@context":"https:\/\/schema.org","@graph":[{"@type":"WebPage","@id":"https:\/\/tamron-americas.com\/product\/20mm-f-2-8-di-iii-osd-m12\/","url":"https:\/\/tamron-americas.com\/product\/20mm-f-2-8-di-iii-osd-m12\/","name":"Lente Prime de \u00e2ngulo amplo de 20 mm para c\u00e2meras Sony E-Mount","isPartOf":{"@id":"https:\/\/tamron-americas.com\/#website"},"primaryImageOfPage":{"@id":"https:\/\/tamron-americas.com\/product\/20mm-f-2-8-di-iii-osd-m12\/#primaryimage"},"image":{"@id":"https:\/\/tamron-americas.com\/product\/20mm-f-2-8-di-iii-osd-m12\/#primaryimage"},"thumbnailUrl":"https:\/\/tamron-americas.com\/wp-content\/uploads\/2024\/09\/f050.jpg","datePublished":"2024-09-03T05:03:43+00:00","dateModified":"2026-03-23T13:36:30+00:00","description":"A Tamron 20mm F2.8 \u00e9 de manuseio r\u00e1pido e possui o poder expressivo que \u00e9 a marca registrada das lentes prime. Encontre um revendedor autorizado Tamron para adquirir a sua hoje mesmo.","breadcrumb":{"@id":"https:\/\/tamron-americas.com\/product\/20mm-f-2-8-di-iii-osd-m12\/#breadcrumb"},"inLanguage":"pt-BR","potentialAction":[{"@type":"ReadAction","target":["https:\/\/tamron-americas.com\/product\/20mm-f-2-8-di-iii-osd-m12\/"]}]},{"@type":"ImageObject","inLanguage":"pt-BR","@id":"https:\/\/tamron-americas.com\/product\/20mm-f-2-8-di-iii-osd-m12\/#primaryimage","url":"https:\/\/tamron-americas.com\/wp-content\/uploads\/2024\/09\/f050.jpg","contentUrl":"https:\/\/tamron-americas.com\/wp-content\/uploads\/2024\/09\/f050.jpg","width":1200,"height":1200},{"@type":"BreadcrumbList","@id":"https:\/\/tamron-americas.com\/product\/20mm-f-2-8-di-iii-osd-m12\/#breadcrumb","itemListElement":[{"@type":"ListItem","position":1,"name":"Home","item":"https:\/\/tamron-americas.com\/"},{"@type":"ListItem","position":2,"name":"Shop","item":"https:\/\/tamron-americas.com\/shop\/"},{"@type":"ListItem","position":3,"name":"Tamron 20mm F\/2.8 Di III OSD M1:2"}]},{"@type":"WebSite","@id":"https:\/\/tamron-americas.com\/#website","url":"https:\/\/tamron-americas.com\/","name":"Tamron Am\u00e9ricas","description":"","publisher":{"@id":"https:\/\/tamron-americas.com\/#organization"},"potentialAction":[{"@type":"SearchAction","target":{"@type":"EntryPoint","urlTemplate":"https:\/\/tamron-americas.com\/?s={search_term_string}"},"query-input":{"@type":"PropertyValueSpecification","valueRequired":true,"valueName":"search_term_string"}}],"inLanguage":"pt-BR"},{"@type":"Organization","@id":"https:\/\/tamron-americas.com\/#organization","name":"Tamron EUA","url":"https:\/\/tamron-americas.com\/","logo":{"@type":"ImageObject","inLanguage":"pt-BR","@id":"https:\/\/tamron-americas.com\/#\/schema\/logo\/image\/","url":"https:\/\/tamron-americas.com\/wp-content\/uploads\/2024\/07\/logo.svg","contentUrl":"https:\/\/tamron-americas.com\/wp-content\/uploads\/2024\/07\/logo.svg","width":190,"height":31,"caption":"Tamron USA"},"image":{"@id":"https:\/\/tamron-americas.com\/#\/schema\/logo\/image\/"}}]}},"_links":{"self":[{"href":"https:\/\/tamron-americas.com\/pt\/wp-json\/wp\/v2\/product\/5916","targetHints":{"allow":["GET"]}}],"collection":[{"href":"https:\/\/tamron-americas.com\/pt\/wp-json\/wp\/v2\/product"}],"about":[{"href":"https:\/\/tamron-americas.com\/pt\/wp-json\/wp\/v2\/types\/product"}],"replies":[{"embeddable":true,"href":"https:\/\/tamron-americas.com\/pt\/wp-json\/wp\/v2\/comments?post=5916"}],"version-history":[{"count":0,"href":"https:\/\/tamron-americas.com\/pt\/wp-json\/wp\/v2\/product\/5916\/revisions"}],"wp:featuredmedia":[{"embeddable":true,"href":"https:\/\/tamron-americas.com\/pt\/wp-json\/wp\/v2\/media\/9461"}],"wp:attachment":[{"href":"https:\/\/tamron-americas.com\/pt\/wp-json\/wp\/v2\/media?parent=5916"}],"wp:term":[{"taxonomy":"main-category","embeddable":true,"href":"https:\/\/tamron-americas.com\/pt\/wp-json\/wp\/v2\/main-category?post=5916"},{"taxonomy":"product_brand","embeddable":true,"href":"https:\/\/tamron-americas.com\/pt\/wp-json\/wp\/v2\/product_brand?post=5916"},{"taxonomy":"product_cat","embeddable":true,"href":"https:\/\/tamron-americas.com\/pt\/wp-json\/wp\/v2\/product_cat?post=5916"},{"taxonomy":"product_tag","embeddable":true,"href":"https:\/\/tamron-americas.com\/pt\/wp-json\/wp\/v2\/product_tag?post=5916"}],"curies":[{"name":"wp","href":"https:\/\/api.w.org\/{rel}","templated":true}]}}