{"id":5453,"date":"2024-09-02T19:14:29","date_gmt":"2024-09-02T19:14:29","guid":{"rendered":"https:\/\/tamron-americas.com\/?post_type=product&#038;p=5453"},"modified":"2026-03-31T17:13:54","modified_gmt":"2026-03-31T21:13:54","slug":"35-150-mm-f-2-2-8-di-iii-vxd","status":"publish","type":"product","link":"https:\/\/tamron-americas.com\/pt\/produto\/35-150-mm-f-2-2-8-di-iii-vxd\/","title":{"rendered":"Tamron 35-150 mm F\/2-2.8 <span class=\"no-break\">Di III<\/span> VXD"},"content":{"rendered":"","protected":false},"excerpt":{"rendered":"<p><strong>A partir de $1.499. Encontre um revendedor perto de voc\u00ea ou compre diretamente abaixo!<\/strong><\/p>\n<p>O primeiro zoom a partir de F2 sem espelho full-frame. Zoom multifuncional personaliz\u00e1vel e vers\u00e1til com qualidade de imagem de tirar o f\u00f4lego.<\/p>","protected":false},"featured_media":9470,"comment_status":"closed","ping_status":"closed","template":"","format":"standard","meta":{"_acf_changed":false,"site-sidebar-layout":"no-sidebar","site-content-layout":"","ast-site-content-layout":"full-width-container","site-content-style":"default","site-sidebar-style":"default","ast-global-header-display":"","ast-banner-title-visibility":"","ast-main-header-display":"","ast-hfb-above-header-display":"","ast-hfb-below-header-display":"","ast-hfb-mobile-header-display":"","site-post-title":"disabled","ast-breadcrumbs-content":"","ast-featured-img":"disabled","footer-sml-layout":"","ast-disable-related-posts":"","theme-transparent-header-meta":"default","adv-header-id-meta":"","stick-header-meta":"default","header-above-stick-meta":"","header-main-stick-meta":"","header-below-stick-meta":"","astra-migrate-meta-layouts":"set","ast-page-background-enabled":"default","ast-page-background-meta":{"desktop":{"background-color":"var(--ast-global-color-4)","background-image":"","background-repeat":"repeat","background-position":"center center","background-size":"auto","background-attachment":"scroll","background-type":"","background-media":"","overlay-type":"","overlay-color":"","overlay-opacity":"","overlay-gradient":""},"tablet":{"background-color":"","background-image":"","background-repeat":"repeat","background-position":"center center","background-size":"auto","background-attachment":"scroll","background-type":"","background-media":"","overlay-type":"","overlay-color":"","overlay-opacity":"","overlay-gradient":""},"mobile":{"background-color":"","background-image":"","background-repeat":"repeat","background-position":"center center","background-size":"auto","background-attachment":"scroll","background-type":"","background-media":"","overlay-type":"","overlay-color":"","overlay-opacity":"","overlay-gradient":""}},"ast-content-background-meta":{"desktop":{"background-color":"var(--ast-global-color-5)","background-image":"","background-repeat":"repeat","background-position":"center center","background-size":"auto","background-attachment":"scroll","background-type":"","background-media":"","overlay-type":"","overlay-color":"","overlay-opacity":"","overlay-gradient":""},"tablet":{"background-color":"var(--ast-global-color-5)","background-image":"","background-repeat":"repeat","background-position":"center center","background-size":"auto","background-attachment":"scroll","background-type":"","background-media":"","overlay-type":"","overlay-color":"","overlay-opacity":"","overlay-gradient":""},"mobile":{"background-color":"var(--ast-global-color-5)","background-image":"","background-repeat":"repeat","background-position":"center center","background-size":"auto","background-attachment":"scroll","background-type":"","background-media":"","overlay-type":"","overlay-color":"","overlay-opacity":"","overlay-gradient":""}}},"main-category":[143],"product_brand":[],"product_cat":[73,72],"product_tag":[],"class_list":{"0":"post-5453","1":"product","2":"type-product","3":"status-publish","4":"format-standard","5":"has-post-thumbnail","7":"main-category-standard-zoom-lenses","8":"product_cat-all-in-one-zooms","9":"product_cat-standard-zoom-lenses","10":"pa_body-mount-nikon-z","11":"pa_body-mount-sony","12":"pa_features-close-focusing","13":"pa_features-f2-8-or-faster","14":"pa_features-linear-af","15":"pa_features-moisture-resistant","16":"pa_features-stabilization-vc","17":"pa_features-tamron-lens-utility","18":"pa_focal-length-all-in-one","19":"pa_focal-length-standard","20":"pa_focal-length-telephoto","21":"pa_format-body-mirrorless","22":"pa_format-mark-di-iii","23":"pa_format-text-di-iii-for-full-frame-mirrorless-cameras","24":"pa_lens-mount-nikon-z","25":"pa_lens-mount-sony-e","26":"pa_lens-type-zoom","27":"pa_photo-style-landscape","28":"pa_photo-style-nature","29":"pa_photo-style-portrait","30":"pa_photo-style-travel","31":"pa_photo-style-video","32":"pa_photo-style-wedding","33":"pa_sensor-size-aps-c","34":"pa_sensor-size-full-frame","35":"pa_use-astro","36":"pa_use-landscape","37":"pa_use-nature","38":"pa_use-portrait","39":"pa_use-street","40":"pa_use-travel","41":"pa_use-video","42":"pa_use-wedding","43":"desktop-align-left","44":"tablet-align-left","45":"mobile-align-left","47":"first","48":"instock","49":"sale","50":"featured","51":"taxable","52":"shipping-taxable","53":"purchasable","54":"product-type-variable","55":"has-default-attributes"},"group_of_quantity":0,"min_quantity":0,"max_quantity":"","exclude_order_quantity_value_rules":"no","exclude_category_quantity_rules":"no","combine_variations":"no","acf":[],"yoast_head":"<!-- This site is optimized with the Yoast SEO Premium plugin v26.9 (Yoast SEO v27.1.1) - https:\/\/yoast.com\/product\/yoast-seo-premium-wordpress\/ -->\n<title>Full Frame Mirrorless Zoom Lens for Nikon Z &amp; Sony E Mounts | 35-150mm F2-2.8<\/title>\n<meta name=\"description\" content=\"Discover the 35-150mm F2-2.8 full frame mirrorless zoom lens compatible with Nikon Z and Sony E mounts. Shop quality lenses at Tamron Americas today.\" \/>\n<meta name=\"robots\" content=\"index, follow, max-snippet:-1, max-image-preview:large, max-video-preview:-1\" \/>\n<link rel=\"canonical\" href=\"https:\/\/tamron-americas.com\/pt\/produto\/35-150-mm-f-2-2-8-di-iii-vxd\/\" \/>\n<meta property=\"og:locale\" content=\"pt_BR\" \/>\n<meta property=\"og:type\" content=\"article\" \/>\n<meta property=\"og:title\" content=\"Tamron 35-150mm F\/2-2.8 Di III VXD\" \/>\n<meta property=\"og:description\" content=\"Discover the 35-150mm F2-2.8 full frame mirrorless zoom lens compatible with Nikon Z and Sony E mounts. Shop quality lenses at Tamron Americas today.\" \/>\n<meta property=\"og:url\" content=\"https:\/\/tamron-americas.com\/pt\/produto\/35-150-mm-f-2-2-8-di-iii-vxd\/\" \/>\n<meta property=\"og:site_name\" content=\"Tamron Americas\" \/>\n<meta property=\"article:modified_time\" content=\"2026-03-31T21:13:54+00:00\" \/>\n<meta property=\"og:image\" content=\"https:\/\/tamron-americas.com\/wp-content\/uploads\/2024\/09\/a058.jpg\" \/>\n\t<meta property=\"og:image:width\" content=\"1200\" \/>\n\t<meta property=\"og:image:height\" content=\"1200\" \/>\n\t<meta property=\"og:image:type\" content=\"image\/jpeg\" \/>\n<meta name=\"twitter:card\" content=\"summary_large_image\" \/>\n<meta name=\"twitter:label1\" content=\"Est. tempo de leitura\" \/>\n\t<meta name=\"twitter:data1\" content=\"1 minuto\" \/>\n<script type=\"application\/ld+json\" class=\"yoast-schema-graph\">{\"@context\":\"https:\/\/schema.org\",\"@graph\":[{\"@type\":\"WebPage\",\"@id\":\"https:\/\/tamron-americas.com\/product\/35-150mm-f-2-2-8-di-iii-vxd\/\",\"url\":\"https:\/\/tamron-americas.com\/product\/35-150mm-f-2-2-8-di-iii-vxd\/\",\"name\":\"Full Frame Mirrorless Zoom Lens for Nikon Z & Sony E Mounts | 35-150mm F2-2.8\",\"isPartOf\":{\"@id\":\"https:\/\/tamron-americas.com\/#website\"},\"primaryImageOfPage\":{\"@id\":\"https:\/\/tamron-americas.com\/product\/35-150mm-f-2-2-8-di-iii-vxd\/#primaryimage\"},\"image\":{\"@id\":\"https:\/\/tamron-americas.com\/product\/35-150mm-f-2-2-8-di-iii-vxd\/#primaryimage\"},\"thumbnailUrl\":\"https:\/\/tamron-americas.com\/wp-content\/uploads\/2024\/09\/a058.jpg\",\"datePublished\":\"2024-09-02T19:14:29+00:00\",\"dateModified\":\"2026-03-31T21:13:54+00:00\",\"description\":\"Discover the 35-150mm F2-2.8 full frame mirrorless zoom lens compatible with Nikon Z and Sony E mounts. Shop quality lenses at Tamron Americas today.\",\"breadcrumb\":{\"@id\":\"https:\/\/tamron-americas.com\/product\/35-150mm-f-2-2-8-di-iii-vxd\/#breadcrumb\"},\"inLanguage\":\"pt-BR\",\"potentialAction\":[{\"@type\":\"ReadAction\",\"target\":[\"https:\/\/tamron-americas.com\/product\/35-150mm-f-2-2-8-di-iii-vxd\/\"]}]},{\"@type\":\"ImageObject\",\"inLanguage\":\"pt-BR\",\"@id\":\"https:\/\/tamron-americas.com\/product\/35-150mm-f-2-2-8-di-iii-vxd\/#primaryimage\",\"url\":\"https:\/\/tamron-americas.com\/wp-content\/uploads\/2024\/09\/a058.jpg\",\"contentUrl\":\"https:\/\/tamron-americas.com\/wp-content\/uploads\/2024\/09\/a058.jpg\",\"width\":1200,\"height\":1200},{\"@type\":\"BreadcrumbList\",\"@id\":\"https:\/\/tamron-americas.com\/product\/35-150mm-f-2-2-8-di-iii-vxd\/#breadcrumb\",\"itemListElement\":[{\"@type\":\"ListItem\",\"position\":1,\"name\":\"Home\",\"item\":\"https:\/\/tamron-americas.com\/\"},{\"@type\":\"ListItem\",\"position\":2,\"name\":\"Shop\",\"item\":\"https:\/\/tamron-americas.com\/shop\/\"},{\"@type\":\"ListItem\",\"position\":3,\"name\":\"Tamron 35-150mm F\/2-2.8 Di III VXD\"}]},{\"@type\":\"WebSite\",\"@id\":\"https:\/\/tamron-americas.com\/#website\",\"url\":\"https:\/\/tamron-americas.com\/\",\"name\":\"Tamron Americas\",\"description\":\"\",\"publisher\":{\"@id\":\"https:\/\/tamron-americas.com\/#organization\"},\"potentialAction\":[{\"@type\":\"SearchAction\",\"target\":{\"@type\":\"EntryPoint\",\"urlTemplate\":\"https:\/\/tamron-americas.com\/?s={search_term_string}\"},\"query-input\":{\"@type\":\"PropertyValueSpecification\",\"valueRequired\":true,\"valueName\":\"search_term_string\"}}],\"inLanguage\":\"pt-BR\"},{\"@type\":\"Organization\",\"@id\":\"https:\/\/tamron-americas.com\/#organization\",\"name\":\"Tamron USA\",\"url\":\"https:\/\/tamron-americas.com\/\",\"logo\":{\"@type\":\"ImageObject\",\"inLanguage\":\"pt-BR\",\"@id\":\"https:\/\/tamron-americas.com\/#\/schema\/logo\/image\/\",\"url\":\"https:\/\/tamron-americas.com\/wp-content\/uploads\/2024\/07\/logo.svg\",\"contentUrl\":\"https:\/\/tamron-americas.com\/wp-content\/uploads\/2024\/07\/logo.svg\",\"width\":190,\"height\":31,\"caption\":\"Tamron USA\"},\"image\":{\"@id\":\"https:\/\/tamron-americas.com\/#\/schema\/logo\/image\/\"}}]}<\/script>\n<!-- \/ Yoast SEO Premium plugin. -->","yoast_head_json":{"title":"Lente Zoom Full Frame sem espelho para montagens Nikon Z e Sony E | 35-150mm F2-2.8","description":"Descubra a lente zoom sem espelho de quadro inteiro 35-150 mm F2-2.8 compat\u00edvel com as montagens Nikon Z e Sony E. Compre lentes de qualidade na Tamron Americas hoje mesmo.","robots":{"index":"index","follow":"follow","max-snippet":"max-snippet:-1","max-image-preview":"max-image-preview:large","max-video-preview":"max-video-preview:-1"},"canonical":"https:\/\/tamron-americas.com\/pt\/produto\/35-150-mm-f-2-2-8-di-iii-vxd\/","og_locale":"pt_BR","og_type":"article","og_title":"Tamron 35-150mm F\/2-2.8 Di III VXD","og_description":"Discover the 35-150mm F2-2.8 full frame mirrorless zoom lens compatible with Nikon Z and Sony E mounts. Shop quality lenses at Tamron Americas today.","og_url":"https:\/\/tamron-americas.com\/pt\/produto\/35-150-mm-f-2-2-8-di-iii-vxd\/","og_site_name":"Tamron Americas","article_modified_time":"2026-03-31T21:13:54+00:00","og_image":[{"width":1200,"height":1200,"url":"https:\/\/tamron-americas.com\/wp-content\/uploads\/2024\/09\/a058.jpg","type":"image\/jpeg"}],"twitter_card":"summary_large_image","twitter_misc":{"Est. tempo de leitura":"1 minuto"},"schema":{"@context":"https:\/\/schema.org","@graph":[{"@type":"WebPage","@id":"https:\/\/tamron-americas.com\/product\/35-150mm-f-2-2-8-di-iii-vxd\/","url":"https:\/\/tamron-americas.com\/product\/35-150mm-f-2-2-8-di-iii-vxd\/","name":"Lente Zoom Full Frame sem espelho para montagens Nikon Z e Sony E | 35-150mm F2-2.8","isPartOf":{"@id":"https:\/\/tamron-americas.com\/#website"},"primaryImageOfPage":{"@id":"https:\/\/tamron-americas.com\/product\/35-150mm-f-2-2-8-di-iii-vxd\/#primaryimage"},"image":{"@id":"https:\/\/tamron-americas.com\/product\/35-150mm-f-2-2-8-di-iii-vxd\/#primaryimage"},"thumbnailUrl":"https:\/\/tamron-americas.com\/wp-content\/uploads\/2024\/09\/a058.jpg","datePublished":"2024-09-02T19:14:29+00:00","dateModified":"2026-03-31T21:13:54+00:00","description":"Descubra a lente zoom sem espelho de quadro inteiro 35-150 mm F2-2.8 compat\u00edvel com as montagens Nikon Z e Sony E. Compre lentes de qualidade na Tamron Americas hoje mesmo.","breadcrumb":{"@id":"https:\/\/tamron-americas.com\/product\/35-150mm-f-2-2-8-di-iii-vxd\/#breadcrumb"},"inLanguage":"pt-BR","potentialAction":[{"@type":"ReadAction","target":["https:\/\/tamron-americas.com\/product\/35-150mm-f-2-2-8-di-iii-vxd\/"]}]},{"@type":"ImageObject","inLanguage":"pt-BR","@id":"https:\/\/tamron-americas.com\/product\/35-150mm-f-2-2-8-di-iii-vxd\/#primaryimage","url":"https:\/\/tamron-americas.com\/wp-content\/uploads\/2024\/09\/a058.jpg","contentUrl":"https:\/\/tamron-americas.com\/wp-content\/uploads\/2024\/09\/a058.jpg","width":1200,"height":1200},{"@type":"BreadcrumbList","@id":"https:\/\/tamron-americas.com\/product\/35-150mm-f-2-2-8-di-iii-vxd\/#breadcrumb","itemListElement":[{"@type":"ListItem","position":1,"name":"Home","item":"https:\/\/tamron-americas.com\/"},{"@type":"ListItem","position":2,"name":"Shop","item":"https:\/\/tamron-americas.com\/shop\/"},{"@type":"ListItem","position":3,"name":"Tamron 35-150mm F\/2-2.8 Di III VXD"}]},{"@type":"WebSite","@id":"https:\/\/tamron-americas.com\/#website","url":"https:\/\/tamron-americas.com\/","name":"Tamron Am\u00e9ricas","description":"","publisher":{"@id":"https:\/\/tamron-americas.com\/#organization"},"potentialAction":[{"@type":"SearchAction","target":{"@type":"EntryPoint","urlTemplate":"https:\/\/tamron-americas.com\/?s={search_term_string}"},"query-input":{"@type":"PropertyValueSpecification","valueRequired":true,"valueName":"search_term_string"}}],"inLanguage":"pt-BR"},{"@type":"Organization","@id":"https:\/\/tamron-americas.com\/#organization","name":"Tamron EUA","url":"https:\/\/tamron-americas.com\/","logo":{"@type":"ImageObject","inLanguage":"pt-BR","@id":"https:\/\/tamron-americas.com\/#\/schema\/logo\/image\/","url":"https:\/\/tamron-americas.com\/wp-content\/uploads\/2024\/07\/logo.svg","contentUrl":"https:\/\/tamron-americas.com\/wp-content\/uploads\/2024\/07\/logo.svg","width":190,"height":31,"caption":"Tamron USA"},"image":{"@id":"https:\/\/tamron-americas.com\/#\/schema\/logo\/image\/"}}]}},"_links":{"self":[{"href":"https:\/\/tamron-americas.com\/pt\/wp-json\/wp\/v2\/product\/5453","targetHints":{"allow":["GET"]}}],"collection":[{"href":"https:\/\/tamron-americas.com\/pt\/wp-json\/wp\/v2\/product"}],"about":[{"href":"https:\/\/tamron-americas.com\/pt\/wp-json\/wp\/v2\/types\/product"}],"replies":[{"embeddable":true,"href":"https:\/\/tamron-americas.com\/pt\/wp-json\/wp\/v2\/comments?post=5453"}],"version-history":[{"count":0,"href":"https:\/\/tamron-americas.com\/pt\/wp-json\/wp\/v2\/product\/5453\/revisions"}],"wp:featuredmedia":[{"embeddable":true,"href":"https:\/\/tamron-americas.com\/pt\/wp-json\/wp\/v2\/media\/9470"}],"wp:attachment":[{"href":"https:\/\/tamron-americas.com\/pt\/wp-json\/wp\/v2\/media?parent=5453"}],"wp:term":[{"taxonomy":"main-category","embeddable":true,"href":"https:\/\/tamron-americas.com\/pt\/wp-json\/wp\/v2\/main-category?post=5453"},{"taxonomy":"product_brand","embeddable":true,"href":"https:\/\/tamron-americas.com\/pt\/wp-json\/wp\/v2\/product_brand?post=5453"},{"taxonomy":"product_cat","embeddable":true,"href":"https:\/\/tamron-americas.com\/pt\/wp-json\/wp\/v2\/product_cat?post=5453"},{"taxonomy":"product_tag","embeddable":true,"href":"https:\/\/tamron-americas.com\/pt\/wp-json\/wp\/v2\/product_tag?post=5453"}],"curies":[{"name":"wp","href":"https:\/\/api.w.org\/{rel}","templated":true}]}}