{"id":9032,"date":"2024-09-17T18:06:56","date_gmt":"2024-09-17T18:06:56","guid":{"rendered":"https:\/\/tamron-americas.com\/?post_type=product&#038;p=9032"},"modified":"2026-04-01T15:24:42","modified_gmt":"2026-04-01T19:24:42","slug":"28-300mm-f-4-7-1-di-iii-vc-vxd","status":"publish","type":"product","link":"https:\/\/tamron-americas.com\/es\/producto\/28-300mm-f-4-7-1-di-iii-vc-vxd\/","title":{"rendered":"Tamron 28-300 mm F\/4-7,1 <span class=\"no-break\">Di III<\/span> VC VXD"},"content":{"rendered":"","protected":false},"excerpt":{"rendered":"<p><strong>A partir de $699. Encuentra tu concesionario m\u00e1s cercano o c\u00f3mpralo directamente aqu\u00ed.<\/strong><\/p>\n<p>El todo en uno para todos: el 28-300 mm F4-7,1 VC lo cubre todo<\/p>","protected":false},"featured_media":19045,"comment_status":"closed","ping_status":"closed","template":"","format":"standard","meta":{"_acf_changed":false,"site-sidebar-layout":"no-sidebar","site-content-layout":"","ast-site-content-layout":"full-width-container","site-content-style":"default","site-sidebar-style":"default","ast-global-header-display":"","ast-banner-title-visibility":"","ast-main-header-display":"","ast-hfb-above-header-display":"","ast-hfb-below-header-display":"","ast-hfb-mobile-header-display":"","site-post-title":"disabled","ast-breadcrumbs-content":"","ast-featured-img":"disabled","footer-sml-layout":"","ast-disable-related-posts":"","theme-transparent-header-meta":"default","adv-header-id-meta":"","stick-header-meta":"default","header-above-stick-meta":"","header-main-stick-meta":"","header-below-stick-meta":"","astra-migrate-meta-layouts":"set","ast-page-background-enabled":"default","ast-page-background-meta":{"desktop":{"background-color":"var(--ast-global-color-4)","background-image":"","background-repeat":"repeat","background-position":"center center","background-size":"auto","background-attachment":"scroll","background-type":"","background-media":"","overlay-type":"","overlay-color":"","overlay-opacity":"","overlay-gradient":""},"tablet":{"background-color":"","background-image":"","background-repeat":"repeat","background-position":"center center","background-size":"auto","background-attachment":"scroll","background-type":"","background-media":"","overlay-type":"","overlay-color":"","overlay-opacity":"","overlay-gradient":""},"mobile":{"background-color":"","background-image":"","background-repeat":"repeat","background-position":"center center","background-size":"auto","background-attachment":"scroll","background-type":"","background-media":"","overlay-type":"","overlay-color":"","overlay-opacity":"","overlay-gradient":""}},"ast-content-background-meta":{"desktop":{"background-color":"var(--ast-global-color-5)","background-image":"","background-repeat":"repeat","background-position":"center center","background-size":"auto","background-attachment":"scroll","background-type":"","background-media":"","overlay-type":"","overlay-color":"","overlay-opacity":"","overlay-gradient":""},"tablet":{"background-color":"var(--ast-global-color-5)","background-image":"","background-repeat":"repeat","background-position":"center center","background-size":"auto","background-attachment":"scroll","background-type":"","background-media":"","overlay-type":"","overlay-color":"","overlay-opacity":"","overlay-gradient":""},"mobile":{"background-color":"var(--ast-global-color-5)","background-image":"","background-repeat":"repeat","background-position":"center center","background-size":"auto","background-attachment":"scroll","background-type":"","background-media":"","overlay-type":"","overlay-color":"","overlay-opacity":"","overlay-gradient":""}}},"main-category":[144],"product_brand":[],"product_cat":[73,74,76],"product_tag":[],"class_list":{"0":"post-9032","1":"product","2":"type-product","3":"status-publish","4":"format-standard","5":"has-post-thumbnail","7":"main-category-all-in-one-zooms","8":"product_cat-all-in-one-zooms","9":"product_cat-telephoto-zooms","10":"product_cat-wide-angle-zooms","11":"pa_body-mount-sony","12":"pa_photo-style-action","13":"pa_photo-style-landscape","14":"pa_photo-style-macro","15":"pa_photo-style-nature","16":"pa_photo-style-portrait","17":"pa_photo-style-travel","18":"pa_photo-style-video","19":"pa_photo-style-wedding","20":"pa_photo-style-wildlife","21":"pa_use-action","22":"pa_use-landscape","23":"pa_use-macro","24":"pa_use-nature","25":"pa_use-portrait","26":"pa_use-street","27":"pa_use-travel","28":"pa_use-video","29":"pa_use-wedding","30":"pa_use-wildlife","31":"desktop-align-left","32":"tablet-align-left","33":"mobile-align-left","35":"first","36":"instock","37":"sale","38":"taxable","39":"shipping-taxable","40":"purchasable","41":"product-type-variable","42":"has-default-attributes"},"group_of_quantity":0,"min_quantity":0,"max_quantity":"","exclude_order_quantity_value_rules":"no","exclude_category_quantity_rules":"no","combine_variations":"no","acf":[],"yoast_head":"<!-- This site is optimized with the Yoast SEO Premium plugin v26.9 (Yoast SEO v27.1.1) - https:\/\/yoast.com\/product\/yoast-seo-premium-wordpress\/ -->\n<title>28-300mm F\/4-7.1 Di III VC VXD Lens for Sony E-Mount<\/title>\n<meta name=\"description\" content=\"Capture everything from wide landscapes to distant details with the 28-300mm lens for Sony E-mount. This lightweight lens is built for every adventure.\" \/>\n<meta name=\"robots\" content=\"index, follow, max-snippet:-1, max-image-preview:large, max-video-preview:-1\" \/>\n<link rel=\"canonical\" href=\"https:\/\/tamron-americas.com\/es\/producto\/28-300mm-f-4-7-1-di-iii-vc-vxd\/\" \/>\n<meta property=\"og:locale\" content=\"es_MX\" \/>\n<meta property=\"og:type\" content=\"article\" \/>\n<meta property=\"og:title\" content=\"Tamron 28-300mm F\/4-7.1 Di III VC VXD\" \/>\n<meta property=\"og:description\" content=\"Capture everything from wide landscapes to distant details with the 28-300mm lens for Sony E-mount. This lightweight lens is built for every adventure.\" \/>\n<meta property=\"og:url\" content=\"https:\/\/tamron-americas.com\/es\/producto\/28-300mm-f-4-7-1-di-iii-vc-vxd\/\" \/>\n<meta property=\"og:site_name\" content=\"Tamron Americas\" \/>\n<meta property=\"article:modified_time\" content=\"2026-04-01T19:24:42+00:00\" \/>\n<meta property=\"og:image\" content=\"https:\/\/tamron-americas.com\/wp-content\/uploads\/2024\/09\/a074-EISA.webp\" \/>\n\t<meta property=\"og:image:width\" content=\"1200\" \/>\n\t<meta property=\"og:image:height\" content=\"1200\" \/>\n\t<meta property=\"og:image:type\" content=\"image\/webp\" \/>\n<meta name=\"twitter:card\" content=\"summary_large_image\" \/>\n<meta name=\"twitter:label1\" content=\"Tiempo de lectura\" \/>\n\t<meta name=\"twitter:data1\" content=\"1 minuto\" \/>\n<script type=\"application\/ld+json\" class=\"yoast-schema-graph\">{\"@context\":\"https:\/\/schema.org\",\"@graph\":[{\"@type\":\"WebPage\",\"@id\":\"https:\/\/tamron-americas.com\/product\/28-300mm-f-4-7-1-di-iii-vc-vxd\/\",\"url\":\"https:\/\/tamron-americas.com\/product\/28-300mm-f-4-7-1-di-iii-vc-vxd\/\",\"name\":\"28-300mm F\/4-7.1 Di III VC VXD Lens for Sony E-Mount\",\"isPartOf\":{\"@id\":\"https:\/\/tamron-americas.com\/#website\"},\"primaryImageOfPage\":{\"@id\":\"https:\/\/tamron-americas.com\/product\/28-300mm-f-4-7-1-di-iii-vc-vxd\/#primaryimage\"},\"image\":{\"@id\":\"https:\/\/tamron-americas.com\/product\/28-300mm-f-4-7-1-di-iii-vc-vxd\/#primaryimage\"},\"thumbnailUrl\":\"https:\/\/tamron-americas.com\/wp-content\/uploads\/2024\/09\/a074-EISA.webp\",\"datePublished\":\"2024-09-17T18:06:56+00:00\",\"dateModified\":\"2026-04-01T19:24:42+00:00\",\"description\":\"Capture everything from wide landscapes to distant details with the 28-300mm lens for Sony E-mount. This lightweight lens is built for every adventure.\",\"breadcrumb\":{\"@id\":\"https:\/\/tamron-americas.com\/product\/28-300mm-f-4-7-1-di-iii-vc-vxd\/#breadcrumb\"},\"inLanguage\":\"es\",\"potentialAction\":[{\"@type\":\"ReadAction\",\"target\":[\"https:\/\/tamron-americas.com\/product\/28-300mm-f-4-7-1-di-iii-vc-vxd\/\"]}]},{\"@type\":\"ImageObject\",\"inLanguage\":\"es\",\"@id\":\"https:\/\/tamron-americas.com\/product\/28-300mm-f-4-7-1-di-iii-vc-vxd\/#primaryimage\",\"url\":\"https:\/\/tamron-americas.com\/wp-content\/uploads\/2024\/09\/a074-EISA.webp\",\"contentUrl\":\"https:\/\/tamron-americas.com\/wp-content\/uploads\/2024\/09\/a074-EISA.webp\",\"width\":1200,\"height\":1200},{\"@type\":\"BreadcrumbList\",\"@id\":\"https:\/\/tamron-americas.com\/product\/28-300mm-f-4-7-1-di-iii-vc-vxd\/#breadcrumb\",\"itemListElement\":[{\"@type\":\"ListItem\",\"position\":1,\"name\":\"Home\",\"item\":\"https:\/\/tamron-americas.com\/\"},{\"@type\":\"ListItem\",\"position\":2,\"name\":\"Shop\",\"item\":\"https:\/\/tamron-americas.com\/shop\/\"},{\"@type\":\"ListItem\",\"position\":3,\"name\":\"Tamron 28-300mm F\/4-7.1 Di III VC VXD\"}]},{\"@type\":\"WebSite\",\"@id\":\"https:\/\/tamron-americas.com\/#website\",\"url\":\"https:\/\/tamron-americas.com\/\",\"name\":\"Tamron Americas\",\"description\":\"\",\"publisher\":{\"@id\":\"https:\/\/tamron-americas.com\/#organization\"},\"potentialAction\":[{\"@type\":\"SearchAction\",\"target\":{\"@type\":\"EntryPoint\",\"urlTemplate\":\"https:\/\/tamron-americas.com\/?s={search_term_string}\"},\"query-input\":{\"@type\":\"PropertyValueSpecification\",\"valueRequired\":true,\"valueName\":\"search_term_string\"}}],\"inLanguage\":\"es\"},{\"@type\":\"Organization\",\"@id\":\"https:\/\/tamron-americas.com\/#organization\",\"name\":\"Tamron USA\",\"url\":\"https:\/\/tamron-americas.com\/\",\"logo\":{\"@type\":\"ImageObject\",\"inLanguage\":\"es\",\"@id\":\"https:\/\/tamron-americas.com\/#\/schema\/logo\/image\/\",\"url\":\"https:\/\/tamron-americas.com\/wp-content\/uploads\/2024\/07\/logo.svg\",\"contentUrl\":\"https:\/\/tamron-americas.com\/wp-content\/uploads\/2024\/07\/logo.svg\",\"width\":190,\"height\":31,\"caption\":\"Tamron USA\"},\"image\":{\"@id\":\"https:\/\/tamron-americas.com\/#\/schema\/logo\/image\/\"}}]}<\/script>\n<!-- \/ Yoast SEO Premium plugin. -->","yoast_head_json":{"title":"Objetivo 28-300mm F\/4-7.1 Di III VC VXD para Sony E-Mount","description":"Capta desde amplios paisajes hasta detalles lejanos con el objetivo 28-300 mm para montura E de Sony. Este objetivo ligero est\u00e1 dise\u00f1ado para cualquier aventura.","robots":{"index":"index","follow":"follow","max-snippet":"max-snippet:-1","max-image-preview":"max-image-preview:large","max-video-preview":"max-video-preview:-1"},"canonical":"https:\/\/tamron-americas.com\/es\/producto\/28-300mm-f-4-7-1-di-iii-vc-vxd\/","og_locale":"es_MX","og_type":"article","og_title":"Tamron 28-300mm F\/4-7.1 Di III VC VXD","og_description":"Capture everything from wide landscapes to distant details with the 28-300mm lens for Sony E-mount. This lightweight lens is built for every adventure.","og_url":"https:\/\/tamron-americas.com\/es\/producto\/28-300mm-f-4-7-1-di-iii-vc-vxd\/","og_site_name":"Tamron Americas","article_modified_time":"2026-04-01T19:24:42+00:00","og_image":[{"width":1200,"height":1200,"url":"https:\/\/tamron-americas.com\/wp-content\/uploads\/2024\/09\/a074-EISA.webp","type":"image\/webp"}],"twitter_card":"summary_large_image","twitter_misc":{"Tiempo de lectura":"1 minuto"},"schema":{"@context":"https:\/\/schema.org","@graph":[{"@type":"WebPage","@id":"https:\/\/tamron-americas.com\/product\/28-300mm-f-4-7-1-di-iii-vc-vxd\/","url":"https:\/\/tamron-americas.com\/product\/28-300mm-f-4-7-1-di-iii-vc-vxd\/","name":"Objetivo 28-300mm F\/4-7.1 Di III VC VXD para Sony E-Mount","isPartOf":{"@id":"https:\/\/tamron-americas.com\/#website"},"primaryImageOfPage":{"@id":"https:\/\/tamron-americas.com\/product\/28-300mm-f-4-7-1-di-iii-vc-vxd\/#primaryimage"},"image":{"@id":"https:\/\/tamron-americas.com\/product\/28-300mm-f-4-7-1-di-iii-vc-vxd\/#primaryimage"},"thumbnailUrl":"https:\/\/tamron-americas.com\/wp-content\/uploads\/2024\/09\/a074-EISA.webp","datePublished":"2024-09-17T18:06:56+00:00","dateModified":"2026-04-01T19:24:42+00:00","description":"Capta desde amplios paisajes hasta detalles lejanos con el objetivo 28-300 mm para montura E de Sony. Este objetivo ligero est\u00e1 dise\u00f1ado para cualquier aventura.","breadcrumb":{"@id":"https:\/\/tamron-americas.com\/product\/28-300mm-f-4-7-1-di-iii-vc-vxd\/#breadcrumb"},"inLanguage":"es","potentialAction":[{"@type":"ReadAction","target":["https:\/\/tamron-americas.com\/product\/28-300mm-f-4-7-1-di-iii-vc-vxd\/"]}]},{"@type":"ImageObject","inLanguage":"es","@id":"https:\/\/tamron-americas.com\/product\/28-300mm-f-4-7-1-di-iii-vc-vxd\/#primaryimage","url":"https:\/\/tamron-americas.com\/wp-content\/uploads\/2024\/09\/a074-EISA.webp","contentUrl":"https:\/\/tamron-americas.com\/wp-content\/uploads\/2024\/09\/a074-EISA.webp","width":1200,"height":1200},{"@type":"BreadcrumbList","@id":"https:\/\/tamron-americas.com\/product\/28-300mm-f-4-7-1-di-iii-vc-vxd\/#breadcrumb","itemListElement":[{"@type":"ListItem","position":1,"name":"Home","item":"https:\/\/tamron-americas.com\/"},{"@type":"ListItem","position":2,"name":"Shop","item":"https:\/\/tamron-americas.com\/shop\/"},{"@type":"ListItem","position":3,"name":"Tamron 28-300mm F\/4-7.1 Di III VC VXD"}]},{"@type":"WebSite","@id":"https:\/\/tamron-americas.com\/#website","url":"https:\/\/tamron-americas.com\/","name":"Tamron Am\u00e9rica","description":"","publisher":{"@id":"https:\/\/tamron-americas.com\/#organization"},"potentialAction":[{"@type":"SearchAction","target":{"@type":"EntryPoint","urlTemplate":"https:\/\/tamron-americas.com\/?s={search_term_string}"},"query-input":{"@type":"PropertyValueSpecification","valueRequired":true,"valueName":"search_term_string"}}],"inLanguage":"es"},{"@type":"Organization","@id":"https:\/\/tamron-americas.com\/#organization","name":"Tamron EE.UU.","url":"https:\/\/tamron-americas.com\/","logo":{"@type":"ImageObject","inLanguage":"es","@id":"https:\/\/tamron-americas.com\/#\/schema\/logo\/image\/","url":"https:\/\/tamron-americas.com\/wp-content\/uploads\/2024\/07\/logo.svg","contentUrl":"https:\/\/tamron-americas.com\/wp-content\/uploads\/2024\/07\/logo.svg","width":190,"height":31,"caption":"Tamron USA"},"image":{"@id":"https:\/\/tamron-americas.com\/#\/schema\/logo\/image\/"}}]}},"_links":{"self":[{"href":"https:\/\/tamron-americas.com\/es\/wp-json\/wp\/v2\/product\/9032","targetHints":{"allow":["GET"]}}],"collection":[{"href":"https:\/\/tamron-americas.com\/es\/wp-json\/wp\/v2\/product"}],"about":[{"href":"https:\/\/tamron-americas.com\/es\/wp-json\/wp\/v2\/types\/product"}],"replies":[{"embeddable":true,"href":"https:\/\/tamron-americas.com\/es\/wp-json\/wp\/v2\/comments?post=9032"}],"version-history":[{"count":0,"href":"https:\/\/tamron-americas.com\/es\/wp-json\/wp\/v2\/product\/9032\/revisions"}],"wp:featuredmedia":[{"embeddable":true,"href":"https:\/\/tamron-americas.com\/es\/wp-json\/wp\/v2\/media\/19045"}],"wp:attachment":[{"href":"https:\/\/tamron-americas.com\/es\/wp-json\/wp\/v2\/media?parent=9032"}],"wp:term":[{"taxonomy":"main-category","embeddable":true,"href":"https:\/\/tamron-americas.com\/es\/wp-json\/wp\/v2\/main-category?post=9032"},{"taxonomy":"product_brand","embeddable":true,"href":"https:\/\/tamron-americas.com\/es\/wp-json\/wp\/v2\/product_brand?post=9032"},{"taxonomy":"product_cat","embeddable":true,"href":"https:\/\/tamron-americas.com\/es\/wp-json\/wp\/v2\/product_cat?post=9032"},{"taxonomy":"product_tag","embeddable":true,"href":"https:\/\/tamron-americas.com\/es\/wp-json\/wp\/v2\/product_tag?post=9032"}],"curies":[{"name":"wp","href":"https:\/\/api.w.org\/{rel}","templated":true}]}}