{"id":1238,"date":"2024-08-12T12:16:18","date_gmt":"2024-08-12T12:16:18","guid":{"rendered":"https:\/\/tamron-americas.com\/?page_id=1238"},"modified":"2025-03-19T10:32:24","modified_gmt":"2025-03-19T14:32:24","slug":"videocamaras-digitales","status":"publish","type":"page","link":"https:\/\/tamron-americas.com\/es\/videocamaras-digitales\/","title":{"rendered":"C\u00e1maras digitales y de v\u00eddeo"},"content":{"rendered":"<div data-elementor-type=\"wp-page\" data-elementor-id=\"1238\" class=\"elementor elementor-1238\" data-elementor-settings=\"{&quot;element_pack_global_tooltip_width&quot;:{&quot;unit&quot;:&quot;px&quot;,&quot;size&quot;:&quot;&quot;,&quot;sizes&quot;:[]},&quot;element_pack_global_tooltip_width_tablet_extra&quot;:{&quot;unit&quot;:&quot;px&quot;,&quot;size&quot;:&quot;&quot;,&quot;sizes&quot;:[]},&quot;element_pack_global_tooltip_width_tablet&quot;:{&quot;unit&quot;:&quot;px&quot;,&quot;size&quot;:&quot;&quot;,&quot;sizes&quot;:[]},&quot;element_pack_global_tooltip_width_mobile_extra&quot;:{&quot;unit&quot;:&quot;px&quot;,&quot;size&quot;:&quot;&quot;,&quot;sizes&quot;:[]},&quot;element_pack_global_tooltip_width_mobile&quot;:{&quot;unit&quot;:&quot;px&quot;,&quot;size&quot;:&quot;&quot;,&quot;sizes&quot;:[]},&quot;element_pack_global_tooltip_padding&quot;:{&quot;unit&quot;:&quot;px&quot;,&quot;top&quot;:&quot;&quot;,&quot;right&quot;:&quot;&quot;,&quot;bottom&quot;:&quot;&quot;,&quot;left&quot;:&quot;&quot;,&quot;isLinked&quot;:true},&quot;element_pack_global_tooltip_padding_tablet_extra&quot;:{&quot;unit&quot;:&quot;px&quot;,&quot;top&quot;:&quot;&quot;,&quot;right&quot;:&quot;&quot;,&quot;bottom&quot;:&quot;&quot;,&quot;left&quot;:&quot;&quot;,&quot;isLinked&quot;:true},&quot;element_pack_global_tooltip_padding_tablet&quot;:{&quot;unit&quot;:&quot;px&quot;,&quot;top&quot;:&quot;&quot;,&quot;right&quot;:&quot;&quot;,&quot;bottom&quot;:&quot;&quot;,&quot;left&quot;:&quot;&quot;,&quot;isLinked&quot;:true},&quot;element_pack_global_tooltip_padding_mobile_extra&quot;:{&quot;unit&quot;:&quot;px&quot;,&quot;top&quot;:&quot;&quot;,&quot;right&quot;:&quot;&quot;,&quot;bottom&quot;:&quot;&quot;,&quot;left&quot;:&quot;&quot;,&quot;isLinked&quot;:true},&quot;element_pack_global_tooltip_padding_mobile&quot;:{&quot;unit&quot;:&quot;px&quot;,&quot;top&quot;:&quot;&quot;,&quot;right&quot;:&quot;&quot;,&quot;bottom&quot;:&quot;&quot;,&quot;left&quot;:&quot;&quot;,&quot;isLinked&quot;:true},&quot;element_pack_global_tooltip_border_radius&quot;:{&quot;unit&quot;:&quot;px&quot;,&quot;top&quot;:&quot;&quot;,&quot;right&quot;:&quot;&quot;,&quot;bottom&quot;:&quot;&quot;,&quot;left&quot;:&quot;&quot;,&quot;isLinked&quot;:true},&quot;element_pack_global_tooltip_border_radius_tablet_extra&quot;:{&quot;unit&quot;:&quot;px&quot;,&quot;top&quot;:&quot;&quot;,&quot;right&quot;:&quot;&quot;,&quot;bottom&quot;:&quot;&quot;,&quot;left&quot;:&quot;&quot;,&quot;isLinked&quot;:true},&quot;element_pack_global_tooltip_border_radius_tablet&quot;:{&quot;unit&quot;:&quot;px&quot;,&quot;top&quot;:&quot;&quot;,&quot;right&quot;:&quot;&quot;,&quot;bottom&quot;:&quot;&quot;,&quot;left&quot;:&quot;&quot;,&quot;isLinked&quot;:true},&quot;element_pack_global_tooltip_border_radius_mobile_extra&quot;:{&quot;unit&quot;:&quot;px&quot;,&quot;top&quot;:&quot;&quot;,&quot;right&quot;:&quot;&quot;,&quot;bottom&quot;:&quot;&quot;,&quot;left&quot;:&quot;&quot;,&quot;isLinked&quot;:true},&quot;element_pack_global_tooltip_border_radius_mobile&quot;:{&quot;unit&quot;:&quot;px&quot;,&quot;top&quot;:&quot;&quot;,&quot;right&quot;:&quot;&quot;,&quot;bottom&quot;:&quot;&quot;,&quot;left&quot;:&quot;&quot;,&quot;isLinked&quot;:true}}\" data-elementor-post-type=\"page\">\n\t\t\t\t<div class=\"elementor-element elementor-element-e109583 e-flex e-con-boxed e-con e-parent\" data-id=\"e109583\" data-element_type=\"container\" data-e-type=\"container\">\n\t\t\t\t\t<div class=\"e-con-inner\">\n\t\t<div class=\"elementor-element elementor-element-7418de5 e-con-full e-grid e-con e-child\" data-id=\"7418de5\" data-element_type=\"container\" data-e-type=\"container\">\n\t\t\t\t<div class=\"elementor-element elementor-element-c8f7a2b elementor-widget elementor-widget-image\" data-id=\"c8f7a2b\" data-element_type=\"widget\" data-e-type=\"widget\" data-widget_type=\"image.default\">\n\t\t\t\t<div class=\"elementor-widget-container\">\n\t\t\t\t\t\t\t\t\t\t\t\t\t\t\t<img loading=\"lazy\" decoding=\"async\" width=\"250\" height=\"190\" src=\"https:\/\/tamron-americas.com\/wp-content\/uploads\/2024\/08\/img_oem_camera.jpg\" class=\"attachment-full size-full wp-image-1239\" alt=\"\" \/>\t\t\t\t\t\t\t\t\t\t\t\t\t\t\t<\/div>\n\t\t\t\t<\/div>\n\t\t<div class=\"elementor-element elementor-element-5592dbd e-con-full e-flex e-con e-child\" data-id=\"5592dbd\" data-element_type=\"container\" data-e-type=\"container\">\n\t\t\t\t<div class=\"elementor-element elementor-element-8283483 elementor-widget elementor-widget-heading\" data-id=\"8283483\" data-element_type=\"widget\" data-e-type=\"widget\" data-widget_type=\"heading.default\">\n\t\t\t\t<div class=\"elementor-widget-container\">\n\t\t\t\t\t<h2 class=\"elementor-heading-title elementor-size-default\">Objetivos para c\u00e1maras digitales y videoc\u00e1maras<\/h2>\t\t\t\t<\/div>\n\t\t\t\t<\/div>\n\t\t\t\t<div class=\"elementor-element elementor-element-99c9869 elementor-widget__width-initial elementor-widget elementor-widget-text-editor\" data-id=\"99c9869\" data-element_type=\"widget\" data-e-type=\"widget\" data-widget_type=\"text-editor.default\">\n\t\t\t\t<div class=\"elementor-widget-container\">\n\t\t\t\t\t\t\t\t\t<p>Aprovechando las tecnolog\u00edas y la experiencia cultivadas durante muchos a\u00f1os junto con las tecnolog\u00edas m\u00e1s avanzadas, Tamron desarrolla y suministra objetivos \u00f3pticos compatibles con sensores de imagen con un n\u00famero de p\u00edxeles cada vez mayor. Gracias a nuestro avanzado sistema de producci\u00f3n a gran escala, respondemos a todo tipo de necesidades de los clientes de forma flexible y r\u00e1pida, y como resultado nos hemos ganado un alto grado de confianza.<\/p>\t\t\t\t\t\t\t\t<\/div>\n\t\t\t\t<\/div>\n\t\t\t\t<\/div>\n\t\t\t\t<\/div>\n\t\t\t\t\t<\/div>\n\t\t\t\t<\/div>\n\t\t\t\t<\/div>","protected":false},"excerpt":{"rendered":"<p>Lenses for Digital Cameras and Video Cameras Leveraging technologies and expertise cultivated over many years together with leading -edge technologies, [&hellip;]<\/p>\n","protected":false},"author":2,"featured_media":0,"parent":0,"menu_order":0,"comment_status":"closed","ping_status":"closed","template":"elementor_theme","meta":{"_acf_changed":false,"site-sidebar-layout":"no-sidebar","site-content-layout":"","ast-site-content-layout":"full-width-container","site-content-style":"default","site-sidebar-style":"default","ast-global-header-display":"","ast-banner-title-visibility":"","ast-main-header-display":"","ast-hfb-above-header-display":"","ast-hfb-below-header-display":"","ast-hfb-mobile-header-display":"","site-post-title":"disabled","ast-breadcrumbs-content":"","ast-featured-img":"disabled","footer-sml-layout":"","ast-disable-related-posts":"","theme-transparent-header-meta":"","adv-header-id-meta":"","stick-header-meta":"","header-above-stick-meta":"","header-main-stick-meta":"","header-below-stick-meta":"","astra-migrate-meta-layouts":"default","ast-page-background-enabled":"default","ast-page-background-meta":{"desktop":{"background-color":"var(--ast-global-color-4)","background-image":"","background-repeat":"repeat","background-position":"center center","background-size":"auto","background-attachment":"scroll","background-type":"","background-media":"","overlay-type":"","overlay-color":"","overlay-opacity":"","overlay-gradient":""},"tablet":{"background-color":"","background-image":"","background-repeat":"repeat","background-position":"center center","background-size":"auto","background-attachment":"scroll","background-type":"","background-media":"","overlay-type":"","overlay-color":"","overlay-opacity":"","overlay-gradient":""},"mobile":{"background-color":"","background-image":"","background-repeat":"repeat","background-position":"center center","background-size":"auto","background-attachment":"scroll","background-type":"","background-media":"","overlay-type":"","overlay-color":"","overlay-opacity":"","overlay-gradient":""}},"ast-content-background-meta":{"desktop":{"background-color":"var(--ast-global-color-5)","background-image":"","background-repeat":"repeat","background-position":"center center","background-size":"auto","background-attachment":"scroll","background-type":"","background-media":"","overlay-type":"","overlay-color":"","overlay-opacity":"","overlay-gradient":""},"tablet":{"background-color":"var(--ast-global-color-5)","background-image":"","background-repeat":"repeat","background-position":"center center","background-size":"auto","background-attachment":"scroll","background-type":"","background-media":"","overlay-type":"","overlay-color":"","overlay-opacity":"","overlay-gradient":""},"mobile":{"background-color":"var(--ast-global-color-5)","background-image":"","background-repeat":"repeat","background-position":"center center","background-size":"auto","background-attachment":"scroll","background-type":"","background-media":"","overlay-type":"","overlay-color":"","overlay-opacity":"","overlay-gradient":""}},"footnotes":""},"class_list":["post-1238","page","type-page","status-publish","format-standard","hentry"],"acf":[],"yoast_head":"<!-- This site is optimized with the Yoast SEO Premium plugin v26.9 (Yoast SEO v27.1.1) - https:\/\/yoast.com\/product\/yoast-seo-premium-wordpress\/ -->\n<title>Digital and Video Camera Lenses | Tamron Americas<\/title>\n<meta name=\"description\" content=\"Tamron develops and supplies optical lens units that support image sensors with increasingly high pixel counts.\" \/>\n<meta name=\"robots\" content=\"index, follow, max-snippet:-1, max-image-preview:large, max-video-preview:-1\" \/>\n<link rel=\"canonical\" href=\"https:\/\/tamron-americas.com\/es\/videocamaras-digitales\/\" \/>\n<meta property=\"og:locale\" content=\"es_MX\" \/>\n<meta property=\"og:type\" content=\"article\" \/>\n<meta property=\"og:title\" content=\"Digital &amp; Video Cameras\" \/>\n<meta property=\"og:description\" content=\"Tamron develops and supplies optical lens units that support image sensors with increasingly high pixel counts.\" \/>\n<meta property=\"og:url\" content=\"https:\/\/tamron-americas.com\/es\/videocamaras-digitales\/\" \/>\n<meta property=\"og:site_name\" content=\"Tamron Americas\" \/>\n<meta property=\"article:modified_time\" content=\"2025-03-19T14:32:24+00:00\" \/>\n<meta property=\"og:image\" content=\"https:\/\/tamron-americas.com\/wp-content\/uploads\/2024\/08\/img_oem_camera.jpg\" \/>\n<meta name=\"twitter:card\" content=\"summary_large_image\" \/>\n<meta name=\"twitter:label1\" content=\"Tiempo de lectura\" \/>\n\t<meta name=\"twitter:data1\" content=\"1 minuto\" \/>\n<script type=\"application\/ld+json\" class=\"yoast-schema-graph\">{\"@context\":\"https:\/\/schema.org\",\"@graph\":[{\"@type\":\"WebPage\",\"@id\":\"https:\/\/tamron-americas.com\/digital-video-cameras\/\",\"url\":\"https:\/\/tamron-americas.com\/digital-video-cameras\/\",\"name\":\"Digital and Video Camera Lenses | Tamron Americas\",\"isPartOf\":{\"@id\":\"https:\/\/tamron-americas.com\/#website\"},\"primaryImageOfPage\":{\"@id\":\"https:\/\/tamron-americas.com\/digital-video-cameras\/#primaryimage\"},\"image\":{\"@id\":\"https:\/\/tamron-americas.com\/digital-video-cameras\/#primaryimage\"},\"thumbnailUrl\":\"https:\/\/tamron-americas.com\/wp-content\/uploads\/2024\/08\/img_oem_camera.jpg\",\"datePublished\":\"2024-08-12T12:16:18+00:00\",\"dateModified\":\"2025-03-19T14:32:24+00:00\",\"description\":\"Tamron develops and supplies optical lens units that support image sensors with increasingly high pixel counts.\",\"breadcrumb\":{\"@id\":\"https:\/\/tamron-americas.com\/digital-video-cameras\/#breadcrumb\"},\"inLanguage\":\"es\",\"potentialAction\":[{\"@type\":\"ReadAction\",\"target\":[\"https:\/\/tamron-americas.com\/digital-video-cameras\/\"]}]},{\"@type\":\"ImageObject\",\"inLanguage\":\"es\",\"@id\":\"https:\/\/tamron-americas.com\/digital-video-cameras\/#primaryimage\",\"url\":\"https:\/\/tamron-americas.com\/wp-content\/uploads\/2024\/08\/img_oem_camera.jpg\",\"contentUrl\":\"https:\/\/tamron-americas.com\/wp-content\/uploads\/2024\/08\/img_oem_camera.jpg\"},{\"@type\":\"BreadcrumbList\",\"@id\":\"https:\/\/tamron-americas.com\/digital-video-cameras\/#breadcrumb\",\"itemListElement\":[{\"@type\":\"ListItem\",\"position\":1,\"name\":\"Home\",\"item\":\"https:\/\/tamron-americas.com\/\"},{\"@type\":\"ListItem\",\"position\":2,\"name\":\"Digital &amp; Video Cameras\"}]},{\"@type\":\"WebSite\",\"@id\":\"https:\/\/tamron-americas.com\/#website\",\"url\":\"https:\/\/tamron-americas.com\/\",\"name\":\"Tamron Americas\",\"description\":\"\",\"publisher\":{\"@id\":\"https:\/\/tamron-americas.com\/#organization\"},\"potentialAction\":[{\"@type\":\"SearchAction\",\"target\":{\"@type\":\"EntryPoint\",\"urlTemplate\":\"https:\/\/tamron-americas.com\/?s={search_term_string}\"},\"query-input\":{\"@type\":\"PropertyValueSpecification\",\"valueRequired\":true,\"valueName\":\"search_term_string\"}}],\"inLanguage\":\"es\"},{\"@type\":\"Organization\",\"@id\":\"https:\/\/tamron-americas.com\/#organization\",\"name\":\"Tamron USA\",\"url\":\"https:\/\/tamron-americas.com\/\",\"logo\":{\"@type\":\"ImageObject\",\"inLanguage\":\"es\",\"@id\":\"https:\/\/tamron-americas.com\/#\/schema\/logo\/image\/\",\"url\":\"https:\/\/tamron-americas.com\/wp-content\/uploads\/2024\/07\/logo.svg\",\"contentUrl\":\"https:\/\/tamron-americas.com\/wp-content\/uploads\/2024\/07\/logo.svg\",\"width\":190,\"height\":31,\"caption\":\"Tamron USA\"},\"image\":{\"@id\":\"https:\/\/tamron-americas.com\/#\/schema\/logo\/image\/\"}}]}<\/script>\n<!-- \/ Yoast SEO Premium plugin. -->","yoast_head_json":{"title":"Objetivos para c\u00e1maras digitales y de v\u00eddeo | Tamron Spain","description":"Tamron desarrolla y suministra objetivos \u00f3pticos compatibles con sensores de imagen con un n\u00famero de p\u00edxeles cada vez mayor.","robots":{"index":"index","follow":"follow","max-snippet":"max-snippet:-1","max-image-preview":"max-image-preview:large","max-video-preview":"max-video-preview:-1"},"canonical":"https:\/\/tamron-americas.com\/es\/videocamaras-digitales\/","og_locale":"es_MX","og_type":"article","og_title":"Digital &amp; Video Cameras","og_description":"Tamron develops and supplies optical lens units that support image sensors with increasingly high pixel counts.","og_url":"https:\/\/tamron-americas.com\/es\/videocamaras-digitales\/","og_site_name":"Tamron Americas","article_modified_time":"2025-03-19T14:32:24+00:00","og_image":[{"url":"https:\/\/tamron-americas.com\/wp-content\/uploads\/2024\/08\/img_oem_camera.jpg","type":"","width":"","height":""}],"twitter_card":"summary_large_image","twitter_misc":{"Tiempo de lectura":"1 minuto"},"schema":{"@context":"https:\/\/schema.org","@graph":[{"@type":"WebPage","@id":"https:\/\/tamron-americas.com\/digital-video-cameras\/","url":"https:\/\/tamron-americas.com\/digital-video-cameras\/","name":"Objetivos para c\u00e1maras digitales y de v\u00eddeo | Tamron Spain","isPartOf":{"@id":"https:\/\/tamron-americas.com\/#website"},"primaryImageOfPage":{"@id":"https:\/\/tamron-americas.com\/digital-video-cameras\/#primaryimage"},"image":{"@id":"https:\/\/tamron-americas.com\/digital-video-cameras\/#primaryimage"},"thumbnailUrl":"https:\/\/tamron-americas.com\/wp-content\/uploads\/2024\/08\/img_oem_camera.jpg","datePublished":"2024-08-12T12:16:18+00:00","dateModified":"2025-03-19T14:32:24+00:00","description":"Tamron desarrolla y suministra objetivos \u00f3pticos compatibles con sensores de imagen con un n\u00famero de p\u00edxeles cada vez mayor.","breadcrumb":{"@id":"https:\/\/tamron-americas.com\/digital-video-cameras\/#breadcrumb"},"inLanguage":"es","potentialAction":[{"@type":"ReadAction","target":["https:\/\/tamron-americas.com\/digital-video-cameras\/"]}]},{"@type":"ImageObject","inLanguage":"es","@id":"https:\/\/tamron-americas.com\/digital-video-cameras\/#primaryimage","url":"https:\/\/tamron-americas.com\/wp-content\/uploads\/2024\/08\/img_oem_camera.jpg","contentUrl":"https:\/\/tamron-americas.com\/wp-content\/uploads\/2024\/08\/img_oem_camera.jpg"},{"@type":"BreadcrumbList","@id":"https:\/\/tamron-americas.com\/digital-video-cameras\/#breadcrumb","itemListElement":[{"@type":"ListItem","position":1,"name":"Home","item":"https:\/\/tamron-americas.com\/"},{"@type":"ListItem","position":2,"name":"Digital &amp; Video Cameras"}]},{"@type":"WebSite","@id":"https:\/\/tamron-americas.com\/#website","url":"https:\/\/tamron-americas.com\/","name":"Tamron Am\u00e9rica","description":"","publisher":{"@id":"https:\/\/tamron-americas.com\/#organization"},"potentialAction":[{"@type":"SearchAction","target":{"@type":"EntryPoint","urlTemplate":"https:\/\/tamron-americas.com\/?s={search_term_string}"},"query-input":{"@type":"PropertyValueSpecification","valueRequired":true,"valueName":"search_term_string"}}],"inLanguage":"es"},{"@type":"Organization","@id":"https:\/\/tamron-americas.com\/#organization","name":"Tamron EE.UU.","url":"https:\/\/tamron-americas.com\/","logo":{"@type":"ImageObject","inLanguage":"es","@id":"https:\/\/tamron-americas.com\/#\/schema\/logo\/image\/","url":"https:\/\/tamron-americas.com\/wp-content\/uploads\/2024\/07\/logo.svg","contentUrl":"https:\/\/tamron-americas.com\/wp-content\/uploads\/2024\/07\/logo.svg","width":190,"height":31,"caption":"Tamron USA"},"image":{"@id":"https:\/\/tamron-americas.com\/#\/schema\/logo\/image\/"}}]}},"_links":{"self":[{"href":"https:\/\/tamron-americas.com\/es\/wp-json\/wp\/v2\/pages\/1238","targetHints":{"allow":["GET"]}}],"collection":[{"href":"https:\/\/tamron-americas.com\/es\/wp-json\/wp\/v2\/pages"}],"about":[{"href":"https:\/\/tamron-americas.com\/es\/wp-json\/wp\/v2\/types\/page"}],"author":[{"embeddable":true,"href":"https:\/\/tamron-americas.com\/es\/wp-json\/wp\/v2\/users\/2"}],"replies":[{"embeddable":true,"href":"https:\/\/tamron-americas.com\/es\/wp-json\/wp\/v2\/comments?post=1238"}],"version-history":[{"count":0,"href":"https:\/\/tamron-americas.com\/es\/wp-json\/wp\/v2\/pages\/1238\/revisions"}],"wp:attachment":[{"href":"https:\/\/tamron-americas.com\/es\/wp-json\/wp\/v2\/media?parent=1238"}],"curies":[{"name":"wp","href":"https:\/\/api.w.org\/{rel}","templated":true}]}}